{"id":125,"date":"2025-10-09T10:26:33","date_gmt":"2025-10-09T10:26:33","guid":{"rendered":"https:\/\/animabeta.sourisakchok.ch\/?page_id=125"},"modified":"2025-11-06T20:14:38","modified_gmt":"2025-11-06T20:14:38","slug":"ueber-mich","status":"publish","type":"page","link":"https:\/\/lotfitrans.thrivin.ch\/?page_id=125","title":{"rendered":"\u00dcber Mich"},"content":{"rendered":"<p>[et_pb_section fb_built=&#8220;1&#8243; _builder_version=&#8220;4.27.4&#8243; _module_preset=&#8220;default&#8220; background_color=&#8220;#f5c9b0&#8243; global_colors_info=&#8220;{}&#8220;][et_pb_row column_structure=&#8220;1_2,1_2&#8243; disabled_on=&#8220;off|off|off&#8220; _builder_version=&#8220;4.27.4&#8243; _module_preset=&#8220;default&#8220; max_width=&#8220;80%&#8220; min_height=&#8220;456.4px&#8220; motion_trigger_start=&#8220;top&#8220; global_colors_info=&#8220;{}&#8220;][et_pb_column type=&#8220;1_2&#8243; _builder_version=&#8220;4.27.4&#8243; _module_preset=&#8220;default&#8220; global_colors_info=&#8220;{}&#8220;][et_pb_image src=&#8220;https:\/\/lotfitrans.thrivin.ch\/wp-content\/uploads\/2025\/10\/woman-drinking-coffee.png&#8220; title_text=&#8220;woman-drinking-coffee&#8220; align=&#8220;center&#8220; disabled_on=&#8220;on|on|off&#8220; _builder_version=&#8220;4.27.4&#8243; _module_preset=&#8220;default&#8220; width=&#8220;75%&#8220; height=&#8220;75%&#8220; global_colors_info=&#8220;{}&#8220;][\/et_pb_image][\/et_pb_column][et_pb_column type=&#8220;1_2&#8243; _builder_version=&#8220;4.27.4&#8243; _module_preset=&#8220;default&#8220; global_colors_info=&#8220;{}&#8220;][et_pb_heading title=&#8220;Ern\u00e4hrungsberaterin&#8220; _builder_version=&#8220;4.27.4&#8243; _module_preset=&#8220;default&#8220; title_font=&#8220;Poppins||||||||&#8220; title_text_color=&#8220;#a6b28b&#8220; title_font_size=&#8220;20px&#8220; min_height=&#8220;0px&#8220; custom_margin=&#8220;||4px|||&#8220; global_colors_info=&#8220;{}&#8220;][\/et_pb_heading][et_pb_heading title=&#8220;\u00dcber Mich&#8220; _builder_version=&#8220;4.27.4&#8243; _module_preset=&#8220;default&#8220; title_font=&#8220;Poppins||||||||&#8220; title_font_size=&#8220;33px&#8220; global_colors_info=&#8220;{}&#8220;][\/et_pb_heading][et_pb_text _builder_version=&#8220;4.27.4&#8243; _module_preset=&#8220;default&#8220; text_font=&#8220;Poppins||||||||&#8220; text_text_color=&#8220;#1c352d&#8220; header_font=&#8220;Poppins||||||||&#8220; global_colors_info=&#8220;{}&#8220;]<\/p>\n<p><span style=\"font-size: 11.0pt; color: black;\">Ich bin ganzheitliche Ern\u00e4hrungsberaterin und lebe seit \u00fcber f\u00fcnf Jahren einen pflanzenbasierten Lebensstil. Nach meinem Bachelorstudium in Betriebs\u00f6konomie bin ich meiner Leidenschaft gefolgt und habe die Ausbildung zur diplomierten Ern\u00e4hrungsberaterin absolviert. Mit der Zeit wurde mir immer deutlicher bewusst, welchen Einfluss unsere Ern\u00e4hrungsweise auf die Gesundheit hat. Der westliche Lebensstil tr\u00e4gt massgeblich zu vielen Beschwerden und Krankheiten bei \u2013 gleichzeitig zeigt sich aber auch, dass eine bewusste Umstellung der Ern\u00e4hrung nicht nur Linderung bringen, sondern in manchen F\u00e4llen sogar Heilung erm\u00f6glichen kann. Diese Erkenntnis motiviert mich, mein Wissen weiterzugeben und Menschen auf ihrem Weg zu begleiten.<o:p><\/o:p><\/span><\/p>\n<p><span style=\"font-size: 11.0pt; color: black;\">Ich bin \u00fcberzeugt: Gesunde Ern\u00e4hrung und Bewegung sollten fester Bestandteil unseres Lebensstils sein. Wichtig ist mir dabei, dass es einfach bleibt und Freude macht \u2013 nur so k\u00f6nnen neue Gewohnheiten langfristig Teil des Alltags werden.<o:p><\/o:p><\/span><\/p>\n<p><span style=\"font-size: 11.0pt; color: black;\">Mit meiner Leidenschaft, meinem Fachwissen und meiner Erfahrung stehe ich dir zur Seite, um positive Ver\u00e4nderungen in deinem Leben anzustossen. Gemeinsam finden wir den Weg, der zu dir passt \u2013 Schritt f\u00fcr Schritt, nachhaltig und mit Leichtigkeit. Denn erst wenn du dich rundum wohlf\u00fchlst, kannst du auch dein Bestes f\u00fcr dich selbst und deine Mitmenschen geben. <o:p><\/o:p><\/span><\/p>\n<p>[\/et_pb_text][\/et_pb_column][\/et_pb_row][et_pb_row column_structure=&#8220;1_2,1_2&#8243; _builder_version=&#8220;4.27.4&#8243; _module_preset=&#8220;default&#8220; max_width=&#8220;80%&#8220; min_height=&#8220;456.4px&#8220; custom_padding=&#8220;||0px|||&#8220; motion_trigger_start=&#8220;top&#8220; global_colors_info=&#8220;{}&#8220;][et_pb_column type=&#8220;1_2&#8243; _builder_version=&#8220;4.27.4&#8243; _module_preset=&#8220;default&#8220; global_colors_info=&#8220;{}&#8220;][et_pb_heading title=&#8220;Meine Ausbildungen&#8220; _builder_version=&#8220;4.27.4&#8243; _module_preset=&#8220;default&#8220; title_font=&#8220;Poppins||||||||&#8220; title_text_align=&#8220;center&#8220; title_font_size=&#8220;33px&#8220; title_text_align_tablet=&#8220;left&#8220; title_text_align_phone=&#8220;left&#8220; title_text_align_last_edited=&#8220;on|phone&#8220; module_alignment_tablet=&#8220;&#8220; module_alignment_phone=&#8220;&#8220; module_alignment_last_edited=&#8220;on|tablet&#8220; global_colors_info=&#8220;{}&#8220;][\/et_pb_heading][\/et_pb_column][et_pb_column type=&#8220;1_2&#8243; _builder_version=&#8220;4.27.4&#8243; _module_preset=&#8220;default&#8220; global_colors_info=&#8220;{}&#8220;][et_pb_heading title=&#8220;Dipl. Ern\u00e4hrungsberaterin nach EMR&#8220; _builder_version=&#8220;4.27.4&#8243; _module_preset=&#8220;default&#8220; title_font=&#8220;Poppins||||||||&#8220; title_text_color=&#8220;#a6b28b&#8220; title_font_size=&#8220;24px&#8220; custom_margin=&#8220;||8px|||&#8220; global_colors_info=&#8220;{}&#8220;][\/et_pb_heading][et_pb_heading title=&#8220;B. Sc. in Business Administration&#8220; _builder_version=&#8220;4.27.4&#8243; _module_preset=&#8220;default&#8220; title_font=&#8220;Poppins||||||||&#8220; title_text_color=&#8220;#a6b28b&#8220; title_font_size=&#8220;24px&#8220; custom_margin=&#8220;||8px|||&#8220; global_colors_info=&#8220;{}&#8220;][\/et_pb_heading][et_pb_heading title=&#8220;50h Yoga Zertifikat&#8220; _builder_version=&#8220;4.27.4&#8243; _module_preset=&#8220;default&#8220; title_font=&#8220;Poppins||||||||&#8220; title_text_color=&#8220;#a6b28b&#8220; title_font_size=&#8220;24px&#8220; custom_margin=&#8220;||8px|||&#8220; global_colors_info=&#8220;{}&#8220;][\/et_pb_heading][\/et_pb_column][\/et_pb_row][\/et_pb_section]<\/p>\n","protected":false},"excerpt":{"rendered":"<p>Ich bin ganzheitliche Ern\u00e4hrungsberaterin und lebe seit \u00fcber f\u00fcnf Jahren einen pflanzenbasierten Lebensstil. Nach meinem Bachelorstudium in Betriebs\u00f6konomie bin ich meiner Leidenschaft gefolgt und habe die Ausbildung zur diplomierten Ern\u00e4hrungsberaterin absolviert. Mit der Zeit wurde mir immer deutlicher bewusst, welchen Einfluss unsere Ern\u00e4hrungsweise auf die Gesundheit hat. Der westliche Lebensstil tr\u00e4gt massgeblich zu vielen Beschwerden [&hellip;]<\/p>\n","protected":false},"author":1,"featured_media":0,"parent":0,"menu_order":0,"comment_status":"closed","ping_status":"closed","template":"","meta":{"_et_pb_use_builder":"on","_et_pb_old_content":"","_et_gb_content_width":"","footnotes":""},"class_list":["post-125","page","type-page","status-publish","hentry"],"_links":{"self":[{"href":"https:\/\/lotfitrans.thrivin.ch\/index.php?rest_route=\/wp\/v2\/pages\/125","targetHints":{"allow":["GET"]}}],"collection":[{"href":"https:\/\/lotfitrans.thrivin.ch\/index.php?rest_route=\/wp\/v2\/pages"}],"about":[{"href":"https:\/\/lotfitrans.thrivin.ch\/index.php?rest_route=\/wp\/v2\/types\/page"}],"author":[{"embeddable":true,"href":"https:\/\/lotfitrans.thrivin.ch\/index.php?rest_route=\/wp\/v2\/users\/1"}],"replies":[{"embeddable":true,"href":"https:\/\/lotfitrans.thrivin.ch\/index.php?rest_route=%2Fwp%2Fv2%2Fcomments&post=125"}],"version-history":[{"count":9,"href":"https:\/\/lotfitrans.thrivin.ch\/index.php?rest_route=\/wp\/v2\/pages\/125\/revisions"}],"predecessor-version":[{"id":25979825,"href":"https:\/\/lotfitrans.thrivin.ch\/index.php?rest_route=\/wp\/v2\/pages\/125\/revisions\/25979825"}],"wp:attachment":[{"href":"https:\/\/lotfitrans.thrivin.ch\/index.php?rest_route=%2Fwp%2Fv2%2Fmedia&parent=125"}],"curies":[{"name":"wp","href":"https:\/\/api.w.org\/{rel}","templated":true}]}}